{"id":597,"date":"2022-07-09T05:39:31","date_gmt":"2022-07-09T09:39:31","guid":{"rendered":"https:\/\/wp-qwtrust-prod.azurewebsites.net\/?page_id=597"},"modified":"2023-12-27T15:37:42","modified_gmt":"2023-12-27T19:37:42","slug":"contact","status":"publish","type":"page","link":"https:\/\/wp-qwtrust-prod.azurewebsites.net\/es\/contact\/","title":{"rendered":"Cont\u00e1ctenos"},"content":{"rendered":"<div data-elementor-type=\"wp-page\" data-elementor-id=\"597\" class=\"elementor elementor-597\">\n\t\t\t\t\t\t<section class=\"has_eae_slider elementor-section elementor-top-section elementor-element elementor-element-4bfe6aa elementor-section-boxed elementor-section-height-default elementor-section-height-default\" data-id=\"4bfe6aa\" data-element_type=\"section\" data-settings=\"{&quot;background_background&quot;:&quot;classic&quot;}\">\n\t\t\t\t\t\t<div class=\"elementor-container elementor-column-gap-default\">\n\t\t\t\t\t<div class=\"has_eae_slider elementor-column elementor-col-100 elementor-top-column elementor-element elementor-element-a83178f\" data-id=\"a83178f\" data-element_type=\"column\">\n\t\t\t<div class=\"elementor-widget-wrap elementor-element-populated\">\n\t\t\t\t\t\t\t<\/div>\n\t\t<\/div>\n\t\t\t\t\t<\/div>\n\t\t<\/section>\n\t\t\t\t<section class=\"has_eae_slider elementor-section elementor-top-section elementor-element elementor-element-c8dc4b3 elementor-section-boxed elementor-section-height-default elementor-section-height-default\" data-id=\"c8dc4b3\" data-element_type=\"section\">\n\t\t\t\t\t\t<div class=\"elementor-container elementor-column-gap-default\">\n\t\t\t\t\t<div class=\"has_eae_slider elementor-column elementor-col-100 elementor-top-column elementor-element elementor-element-67afd7c\" data-id=\"67afd7c\" data-element_type=\"column\">\n\t\t\t<div class=\"elementor-widget-wrap elementor-element-populated\">\n\t\t\t\t\t\t<div class=\"elementor-element elementor-element-d104394 elementor-widget elementor-widget-heading\" data-id=\"d104394\" data-element_type=\"widget\" data-widget_type=\"heading.default\">\n\t\t\t\t<div class=\"elementor-widget-container\">\n\t\t\t\t\t<h2 class=\"elementor-heading-title elementor-size-default\">Cont\u00e1ctenos ahora<\/h2>\t\t\t\t<\/div>\n\t\t\t\t<\/div>\n\t\t\t\t<div class=\"elementor-element elementor-element-477af0e elementor-button-align-start elementor-widget__width-initial elementor-widget elementor-widget-form\" data-id=\"477af0e\" data-element_type=\"widget\" data-settings=\"{&quot;step_next_label&quot;:&quot;Next&quot;,&quot;step_previous_label&quot;:&quot;Previous&quot;,&quot;button_width&quot;:&quot;100&quot;,&quot;step_type&quot;:&quot;number_text&quot;,&quot;step_icon_shape&quot;:&quot;circle&quot;}\" data-widget_type=\"form.default\">\n\t\t\t\t<div class=\"elementor-widget-container\">\n\t\t\t\t\t\t\t<form class=\"elementor-form\" method=\"post\" name=\"New Form\" action=\"\">\n\t\t\t<input type=\"hidden\" name=\"post_id\" value=\"597\"\/>\n\t\t\t<input type=\"hidden\" name=\"form_id\" value=\"477af0e\"\/>\n\t\t\t<input type=\"hidden\" name=\"referer_title\" value=\"\" \/>\n\n\t\t\t\n\t\t\t<div class=\"elementor-form-fields-wrapper elementor-labels-above\">\n\t\t\t\t\t\t\t\t<div class=\"elementor-field-type-text elementor-field-group elementor-column elementor-field-group-field_c612e7a elementor-col-50 elementor-field-required elementor-mark-required\">\n\t\t\t\t\t\t\t\t\t\t\t\t<label for=\"form-field-field_c612e7a\" class=\"elementor-field-label\">\n\t\t\t\t\t\t\t\tNombre y Apellido\t\t\t\t\t\t\t<\/label>\n\t\t\t\t\t\t\t\t\t\t\t\t\t\t<input size=\"1\" type=\"text\" name=\"form_fields[field_c612e7a]\" id=\"form-field-field_c612e7a\" class=\"elementor-field elementor-size-sm  elementor-field-textual\" required=\"required\" aria-required=\"true\">\n\t\t\t\t\t\t\t\t\t\t\t<\/div>\n\t\t\t\t\t\t\t\t<div class=\"elementor-field-type-tel elementor-field-group elementor-column elementor-field-group-field_ec16385 elementor-col-50 elementor-field-required elementor-mark-required\">\n\t\t\t\t\t\t\t\t\t\t\t\t<label for=\"form-field-field_ec16385\" class=\"elementor-field-label\">\n\t\t\t\t\t\t\t\tTel\u00e9fono\t\t\t\t\t\t\t<\/label>\n\t\t\t\t\t\t\t\t<input size=\"1\" type=\"tel\" name=\"form_fields[field_ec16385]\" id=\"form-field-field_ec16385\" class=\"elementor-field elementor-size-sm  elementor-field-textual\" required=\"required\" aria-required=\"true\" pattern=\"[0-9()#&amp;+*-=.]+\" title=\"Only numbers and phone characters (#, -, *, etc) are accepted.\">\n\n\t\t\t\t\t\t<\/div>\n\t\t\t\t\t\t\t\t<div class=\"elementor-field-type-email elementor-field-group elementor-column elementor-field-group-field_4d27314 elementor-col-50 elementor-field-required elementor-mark-required\">\n\t\t\t\t\t\t\t\t\t\t\t\t<label for=\"form-field-field_4d27314\" class=\"elementor-field-label\">\n\t\t\t\t\t\t\t\tEmail\t\t\t\t\t\t\t<\/label>\n\t\t\t\t\t\t\t\t\t\t\t\t\t\t<input size=\"1\" type=\"email\" name=\"form_fields[field_4d27314]\" id=\"form-field-field_4d27314\" class=\"elementor-field elementor-size-sm  elementor-field-textual\" required=\"required\" aria-required=\"true\">\n\t\t\t\t\t\t\t\t\t\t\t<\/div>\n\t\t\t\t\t\t\t\t<div class=\"elementor-field-type-text elementor-field-group elementor-column elementor-field-group-field_20f25b0 elementor-col-50 elementor-field-required elementor-mark-required\">\n\t\t\t\t\t\t\t\t\t\t\t\t<label for=\"form-field-field_20f25b0\" class=\"elementor-field-label\">\n\t\t\t\t\t\t\t\tEmpresa \t\t\t\t\t\t\t<\/label>\n\t\t\t\t\t\t\t\t\t\t\t\t\t\t<input size=\"1\" type=\"text\" name=\"form_fields[field_20f25b0]\" id=\"form-field-field_20f25b0\" class=\"elementor-field elementor-size-sm  elementor-field-textual\" required=\"required\" aria-required=\"true\">\n\t\t\t\t\t\t\t\t\t\t\t<\/div>\n\t\t\t\t\t\t\t\t<div class=\"elementor-field-type-select elementor-field-group elementor-column elementor-field-group-field_c7c5115 elementor-col-50 elementor-field-required elementor-mark-required\">\n\t\t\t\t\t\t\t\t\t\t\t\t<label for=\"form-field-field_c7c5115\" class=\"elementor-field-label\">\n\t\t\t\t\t\t\t\tAsunto \t\t\t\t\t\t\t<\/label>\n\t\t\t\t\t\t\t\t<div class=\"elementor-field elementor-select-wrapper remove-before\">\n\t\t\t<div class=\"select-caret-down-wrapper\">\n\t\t\t\t<i aria-hidden=\"true\" class=\"eicon-caret-down\"><\/i>\t\t\t<\/div>\n\t\t\t<select name=\"form_fields[field_c7c5115]\" id=\"form-field-field_c7c5115\" class=\"elementor-field-textual elementor-size-sm\" required=\"required\" aria-required=\"true\">\n\t\t\t\t\t\t\t\t\t<option value=\"Select\">Producto<\/option>\n\t\t\t\t\t\t\t\t\t<option value=\"Request a Demo\">Solicite un Demo<\/option>\n\t\t\t\t\t\t\t\t\t<option value=\"Request me to Advertise\">Request me to Advertise<\/option>\n\t\t\t\t\t\t\t<\/select>\n\t\t<\/div>\n\t\t\t\t\t\t<\/div>\n\t\t\t\t\t\t\t\t<div class=\"elementor-field-type-select elementor-field-group elementor-column elementor-field-group-field_058c2bc elementor-col-50\">\n\t\t\t\t\t\t\t\t\t\t\t\t<label for=\"form-field-field_058c2bc\" class=\"elementor-field-label\">\n\t\t\t\t\t\t\t\tProduct\t\t\t\t\t\t\t<\/label>\n\t\t\t\t\t\t\t\t<div class=\"elementor-field elementor-select-wrapper remove-before\">\n\t\t\t<div class=\"select-caret-down-wrapper\">\n\t\t\t\t<i aria-hidden=\"true\" class=\"eicon-caret-down\"><\/i>\t\t\t<\/div>\n\t\t\t<select name=\"form_fields[field_058c2bc]\" id=\"form-field-field_058c2bc\" class=\"elementor-field-textual elementor-size-sm\">\n\t\t\t\t\t\t\t\t\t<option value=\"Select\">Producto<\/option>\n\t\t\t\t\t\t\t\t\t<option value=\"Enterprise System\">Enterprise System<\/option>\n\t\t\t\t\t\t\t\t\t<option value=\"Turnos OnCloud\">Turnos OnCloud<\/option>\n\t\t\t\t\t\t\t\t\t<option value=\"Appointment Module\">Sistema de Citas<\/option>\n\t\t\t\t\t\t\t\t\t<option value=\"Survey Module\">M\u00f3dulo de Encuesta<\/option>\n\t\t\t\t\t\t\t\t\t<option value=\"Qwetrust Unique\">Qwetrust Unique<\/option>\n\t\t\t\t\t\t\t\t\t<option value=\"Kiosk\">Kiosk<\/option>\n\t\t\t\t\t\t\t\t\t<option value=\"Mobile Kiosk\">Mobile Kiosk<\/option>\n\t\t\t\t\t\t\t\t\t<option value=\"Mobile Registry\">Registro M\u00f3vil<\/option>\n\t\t\t\t\t\t\t\t\t<option value=\"Central Call\">Central Call<\/option>\n\t\t\t\t\t\t\t\t\t<option value=\"Virtual Queue\">Turnos Virtual<\/option>\n\t\t\t\t\t\t\t\t\t<option value=\"IVR to Shifts\">IVR to Shifts<\/option>\n\t\t\t\t\t\t\t\t\t<option value=\"Email to Queue\">Email to Queue<\/option>\n\t\t\t\t\t\t\t\t\t<option value=\"Voicemail to Queue\">Voicemail to Queue<\/option>\n\t\t\t\t\t\t\t\t\t<option value=\"Video Call\">Video Call<\/option>\n\t\t\t\t\t\t\t<\/select>\n\t\t<\/div>\n\t\t\t\t\t\t<\/div>\n\t\t\t\t\t\t\t\t<div class=\"elementor-field-type-textarea elementor-field-group elementor-column elementor-field-group-field_d47d2c2 elementor-col-100 elementor-field-required elementor-mark-required\">\n\t\t\t\t\t\t\t\t\t\t\t\t<label for=\"form-field-field_d47d2c2\" class=\"elementor-field-label\">\n\t\t\t\t\t\t\t\tMensaje\t\t\t\t\t\t\t<\/label>\n\t\t\t\t\t\t<textarea class=\"elementor-field-textual elementor-field  elementor-size-sm\" name=\"form_fields[field_d47d2c2]\" id=\"form-field-field_d47d2c2\" rows=\"4\" placeholder=\"Escriba su mensaje. C\u00f3mo le podemos asistir?\" required=\"required\" aria-required=\"true\"><\/textarea>\t\t\t\t<\/div>\n\t\t\t\t\t\t\t\t<div class=\"elementor-field-type-recaptcha_v3 elementor-field-group elementor-column elementor-field-group-field_6a5095e elementor-col-100 recaptcha_v3-inline\">\n\t\t\t\t\t<div class=\"elementor-field\" id=\"form-field-field_6a5095e\"><div class=\"elementor-g-recaptcha\" data-sitekey=\"6LcK9i0pAAAAAM-blbv1A2pa24cl-VJOQRRLeiO5\" data-type=\"v3\" data-action=\"Form\" data-badge=\"inline\" data-size=\"invisible\"><\/div><\/div>\t\t\t\t<\/div>\n\t\t\t\t\t\t\t\t<div class=\"elementor-field-group elementor-column elementor-field-type-submit elementor-col-100 e-form__buttons\">\n\t\t\t\t\t<button type=\"submit\" class=\"elementor-button elementor-size-md\">\n\t\t\t\t\t\t<span >\n\t\t\t\t\t\t\t\t\t\t\t\t\t\t\t<span class=\"elementor-button-icon\">\n\t\t\t\t\t\t\t\t\t\t\t\t\t\t\t\t\t\t\t\t\t\t\t\t\t\t<\/span>\n\t\t\t\t\t\t\t\t\t\t\t\t\t\t\t\t\t\t\t\t\t\t<span class=\"elementor-button-text\">Enviar<\/span>\n\t\t\t\t\t\t\t\t\t\t\t\t\t<\/span>\n\t\t\t\t\t<\/button>\n\t\t\t\t<\/div>\n\t\t\t<\/div>\n\t\t<input type=\"hidden\" name=\"trp-form-language\" value=\"es\"\/><\/form>\n\t\t\t\t\t\t<\/div>\n\t\t\t\t<\/div>\n\t\t\t\t<div class=\"elementor-element elementor-element-50ebc99 elementor-widget elementor-widget-spacer\" data-id=\"50ebc99\" data-element_type=\"widget\" data-widget_type=\"spacer.default\">\n\t\t\t\t<div class=\"elementor-widget-container\">\n\t\t\t\t\t\t\t<div class=\"elementor-spacer\">\n\t\t\t<div class=\"elementor-spacer-inner\"><\/div>\n\t\t<\/div>\n\t\t\t\t\t\t<\/div>\n\t\t\t\t<\/div>\n\t\t\t\t<section class=\"has_eae_slider elementor-section elementor-inner-section elementor-element elementor-element-8bbe3b9 elementor-section-boxed elementor-section-height-default elementor-section-height-default\" data-id=\"8bbe3b9\" data-element_type=\"section\">\n\t\t\t\t\t\t<div class=\"elementor-container elementor-column-gap-default\">\n\t\t\t\t\t<div class=\"has_eae_slider elementor-column elementor-col-50 elementor-inner-column elementor-element elementor-element-44fe65b\" data-id=\"44fe65b\" data-element_type=\"column\">\n\t\t\t<div class=\"elementor-widget-wrap elementor-element-populated\">\n\t\t\t\t\t\t<div class=\"elementor-element elementor-element-bff8a02 elementor-widget elementor-widget-text-editor\" data-id=\"bff8a02\" data-element_type=\"widget\" data-widget_type=\"text-editor.default\">\n\t\t\t\t<div class=\"elementor-widget-container\">\n\t\t\t\t\t\t\t\t\t<p><strong>Qwetrust\u00a0<\/strong><br \/><strong>+1 (786) 408-9190<\/strong><\/p><p><b>Florida<br \/><\/b>8823 Fallen Oak Drive,\u00a0<br \/>Davenport, FL 33896\u00a0<br \/><span class=\"ui-provider bly blz bma bmb bmc bmd bme bmf bmg bmh bmi bmj bmk bml bmm bmn bmo bmp bmq bmr bms bmt bmu bmv bmw bmx bmy bmz bna bnb bnc bnd bne bnf bng\" dir=\"ltr\"><strong>+1 (787) 408-9190<\/strong><\/span><\/p><p><strong>Rep\u00fablica Dominicana<br \/><\/strong>Ave. Gustavo Mej\u00eda Ricart #265 Suite #2<br \/>Santo Domingo, Rep\u00fablica Dominicana<br \/><strong>+1 (809) 375-6097<\/strong><\/p>\t\t\t\t\t\t\t\t<\/div>\n\t\t\t\t<\/div>\n\t\t\t\t\t<\/div>\n\t\t<\/div>\n\t\t\t\t<div class=\"has_eae_slider elementor-column elementor-col-50 elementor-inner-column elementor-element elementor-element-d09877a\" data-id=\"d09877a\" data-element_type=\"column\">\n\t\t\t<div class=\"elementor-widget-wrap elementor-element-populated\">\n\t\t\t\t\t\t\t<\/div>\n\t\t<\/div>\n\t\t\t\t\t<\/div>\n\t\t<\/section>\n\t\t\t\t\t<\/div>\n\t\t<\/div>\n\t\t\t\t\t<\/div>\n\t\t<\/section>\n\t\t\t\t<\/div>","protected":false},"excerpt":{"rendered":"<p>Contact us now Qwetrust\u00a0+1 (786) 408-9190 Florida8823 Fallen Oak Drive,\u00a0Davenport, FL 33896\u00a0+1 (787) 408-9190 Rep\u00fablica DominicanaAve. Gustavo Mej\u00eda Ricart #265 Suite #2Santo Domingo, Rep\u00fablica Dominicana+1 (809) 375-6097<\/p>","protected":false},"author":1,"featured_media":0,"parent":0,"menu_order":0,"comment_status":"closed","ping_status":"closed","template":"","meta":{"_acf_changed":false,"footnotes":""},"class_list":["post-597","page","type-page","status-publish","hentry"],"acf":[],"_links":{"self":[{"href":"https:\/\/wp-qwtrust-prod.azurewebsites.net\/es\/wp-json\/wp\/v2\/pages\/597","targetHints":{"allow":["GET"]}}],"collection":[{"href":"https:\/\/wp-qwtrust-prod.azurewebsites.net\/es\/wp-json\/wp\/v2\/pages"}],"about":[{"href":"https:\/\/wp-qwtrust-prod.azurewebsites.net\/es\/wp-json\/wp\/v2\/types\/page"}],"author":[{"embeddable":true,"href":"https:\/\/wp-qwtrust-prod.azurewebsites.net\/es\/wp-json\/wp\/v2\/users\/1"}],"replies":[{"embeddable":true,"href":"https:\/\/wp-qwtrust-prod.azurewebsites.net\/es\/wp-json\/wp\/v2\/comments?post=597"}],"version-history":[{"count":141,"href":"https:\/\/wp-qwtrust-prod.azurewebsites.net\/es\/wp-json\/wp\/v2\/pages\/597\/revisions"}],"predecessor-version":[{"id":3659,"href":"https:\/\/wp-qwtrust-prod.azurewebsites.net\/es\/wp-json\/wp\/v2\/pages\/597\/revisions\/3659"}],"wp:attachment":[{"href":"https:\/\/wp-qwtrust-prod.azurewebsites.net\/es\/wp-json\/wp\/v2\/media?parent=597"}],"curies":[{"name":"wp","href":"https:\/\/api.w.org\/{rel}","templated":true}]}}