{"id":864,"date":"2022-07-27T12:47:51","date_gmt":"2022-07-27T16:47:51","guid":{"rendered":"https:\/\/wp-qwtrust-prod.azurewebsites.net\/?page_id=864"},"modified":"2023-12-18T08:17:21","modified_gmt":"2023-12-18T12:17:21","slug":"government","status":"publish","type":"page","link":"https:\/\/wp-qwtrust-prod.azurewebsites.net\/es\/government\/","title":{"rendered":"Gobierno"},"content":{"rendered":"<div data-elementor-type=\"wp-page\" data-elementor-id=\"864\" class=\"elementor elementor-864\">\n\t\t\t\t\t\t<section class=\"has_eae_slider elementor-section elementor-top-section elementor-element elementor-element-408fe301 elementor-section-boxed elementor-section-height-default elementor-section-height-default\" data-id=\"408fe301\" data-element_type=\"section\" data-settings=\"{&quot;background_background&quot;:&quot;classic&quot;}\">\n\t\t\t\t\t\t<div class=\"elementor-container elementor-column-gap-default\">\n\t\t\t\t\t<div class=\"has_eae_slider elementor-column elementor-col-100 elementor-top-column elementor-element elementor-element-527955d6\" data-id=\"527955d6\" data-element_type=\"column\">\n\t\t\t<div class=\"elementor-widget-wrap elementor-element-populated\">\n\t\t\t\t\t\t<section class=\"has_eae_slider elementor-section elementor-inner-section elementor-element elementor-element-40225887 elementor-section-boxed elementor-section-height-default elementor-section-height-default\" data-id=\"40225887\" data-element_type=\"section\">\n\t\t\t\t\t\t<div class=\"elementor-container elementor-column-gap-no\">\n\t\t\t\t\t<div class=\"has_eae_slider elementor-column elementor-col-50 elementor-inner-column elementor-element elementor-element-103ce91f\" data-id=\"103ce91f\" data-element_type=\"column\">\n\t\t\t<div class=\"elementor-widget-wrap elementor-element-populated\">\n\t\t\t\t\t\t<div class=\"elementor-element elementor-element-a3ed721 elementor-tablet-align-left elementor-mobile-align-left elementor-widget elementor-widget-button\" data-id=\"a3ed721\" data-element_type=\"widget\" data-widget_type=\"button.default\">\n\t\t\t\t<div class=\"elementor-widget-container\">\n\t\t\t\t\t\t\t\t\t<div class=\"elementor-button-wrapper\">\n\t\t\t\t\t<a class=\"elementor-button elementor-size-sm\" role=\"button\">\n\t\t\t\t\t\t<span class=\"elementor-button-content-wrapper\">\n\t\t\t\t\t\t\t\t\t<span class=\"elementor-button-text\">Qwetrust for government agencies<\/span>\n\t\t\t\t\t<\/span>\n\t\t\t\t\t<\/a>\n\t\t\t\t<\/div>\n\t\t\t\t\t\t\t\t<\/div>\n\t\t\t\t<\/div>\n\t\t\t\t<div class=\"elementor-element elementor-element-4981e736 elementor-widget elementor-widget-heading\" data-id=\"4981e736\" data-element_type=\"widget\" data-widget_type=\"heading.default\">\n\t\t\t\t<div class=\"elementor-widget-container\">\n\t\t\t\t\t<span class=\"elementor-heading-title elementor-size-default\">Tecnolog\u00eda de avanzada para gestiones de cuidadanos<\/span>\t\t\t\t<\/div>\n\t\t\t\t<\/div>\n\t\t\t\t<div class=\"elementor-element elementor-element-7b9c73c elementor-widget elementor-widget-text-editor\" data-id=\"7b9c73c\" data-element_type=\"widget\" data-widget_type=\"text-editor.default\">\n\t\t\t\t<div class=\"elementor-widget-container\">\n\t\t\t\t\t\t\t\t\tCambie significativamente la forma tradicional de atenci\u00f3n a los ciudadanos con nuestros m\u00f3dulos que se personalizan de acuerdo con la necesidad que tengan sus salas de espera.\t\t\t\t\t\t\t\t<\/div>\n\t\t\t\t<\/div>\n\t\t\t\t\t<\/div>\n\t\t<\/div>\n\t\t\t\t<div class=\"has_eae_slider elementor-column elementor-col-50 elementor-inner-column elementor-element elementor-element-3ad61256\" data-id=\"3ad61256\" data-element_type=\"column\">\n\t\t\t<div class=\"elementor-widget-wrap elementor-element-populated\">\n\t\t\t\t\t\t<div class=\"elementor-element elementor-element-73a02b08 elementor-widget elementor-widget-image\" data-id=\"73a02b08\" data-element_type=\"widget\" data-widget_type=\"image.default\">\n\t\t\t\t<div class=\"elementor-widget-container\">\n\t\t\t\t\t\t\t\t\t\t\t\t\t\t\t<img fetchpriority=\"high\" decoding=\"async\" width=\"708\" height=\"457\" src=\"\/wp-content\/uploads\/2022\/07\/top.png\" class=\"attachment-large size-large wp-image-286\" alt=\"\" srcset=\"\/wp-content\/uploads\/2022\/07\/top.png 708w, \/wp-content\/uploads\/2022\/07\/top-300x194.png 300w\" sizes=\"(max-width: 708px) 100vw, 708px\" \/>\t\t\t\t\t\t\t\t\t\t\t\t\t\t\t<\/div>\n\t\t\t\t<\/div>\n\t\t\t\t\t<\/div>\n\t\t<\/div>\n\t\t\t\t\t<\/div>\n\t\t<\/section>\n\t\t\t\t\t<\/div>\n\t\t<\/div>\n\t\t\t\t\t<\/div>\n\t\t<\/section>\n\t\t\t\t<section class=\"has_eae_slider elementor-section elementor-top-section elementor-element elementor-element-7df78a3 elementor-section-boxed elementor-section-height-default elementor-section-height-default\" data-id=\"7df78a3\" data-element_type=\"section\">\n\t\t\t\t\t\t<div class=\"elementor-container elementor-column-gap-default\">\n\t\t\t\t\t<div class=\"has_eae_slider elementor-column elementor-col-100 elementor-top-column elementor-element elementor-element-6b1a7e9\" data-id=\"6b1a7e9\" data-element_type=\"column\">\n\t\t\t<div class=\"elementor-widget-wrap elementor-element-populated\">\n\t\t\t\t\t\t<div class=\"elementor-element elementor-element-cb44fc4 elementor-widget elementor-widget-heading\" data-id=\"cb44fc4\" data-element_type=\"widget\" data-widget_type=\"heading.default\">\n\t\t\t\t<div class=\"elementor-widget-container\">\n\t\t\t\t\t<h1 class=\"elementor-heading-title elementor-size-default\">Ventajas<\/h1>\t\t\t\t<\/div>\n\t\t\t\t<\/div>\n\t\t\t\t<div class=\"elementor-element elementor-element-9e3900c elementor-widget elementor-widget-heading\" data-id=\"9e3900c\" data-element_type=\"widget\" data-widget_type=\"heading.default\">\n\t\t\t\t<div class=\"elementor-widget-container\">\n\t\t\t\t\t<h2 class=\"elementor-heading-title elementor-size-default\">Find out what Qwetrust provides for public agencies and entities.<\/h2>\t\t\t\t<\/div>\n\t\t\t\t<\/div>\n\t\t\t\t<div class=\"elementor-element elementor-element-e507784 elementor-widget elementor-widget-spacer\" data-id=\"e507784\" data-element_type=\"widget\" data-widget_type=\"spacer.default\">\n\t\t\t\t<div class=\"elementor-widget-container\">\n\t\t\t\t\t\t\t<div class=\"elementor-spacer\">\n\t\t\t<div class=\"elementor-spacer-inner\"><\/div>\n\t\t<\/div>\n\t\t\t\t\t\t<\/div>\n\t\t\t\t<\/div>\n\t\t\t\t<section class=\"has_eae_slider elementor-section elementor-inner-section elementor-element elementor-element-b6e84aa elementor-section-boxed elementor-section-height-default elementor-section-height-default\" data-id=\"b6e84aa\" data-element_type=\"section\">\n\t\t\t\t\t\t<div class=\"elementor-container elementor-column-gap-default\">\n\t\t\t\t\t<div class=\"has_eae_slider elementor-column elementor-col-33 elementor-inner-column elementor-element elementor-element-dd31a36\" data-id=\"dd31a36\" data-element_type=\"column\">\n\t\t\t<div class=\"elementor-widget-wrap elementor-element-populated\">\n\t\t\t\t\t\t<div class=\"elementor-element elementor-element-36e8edf elementor-view-stacked elementor-position-top elementor-shape-circle elementor-mobile-position-top elementor-widget elementor-widget-icon-box\" data-id=\"36e8edf\" data-element_type=\"widget\" data-widget_type=\"icon-box.default\">\n\t\t\t\t<div class=\"elementor-widget-container\">\n\t\t\t\t\t\t\t<div class=\"elementor-icon-box-wrapper\">\n\n\t\t\t\t\t\t<div class=\"elementor-icon-box-icon\">\n\t\t\t\t<span  class=\"elementor-icon\">\n\t\t\t\t<svg xmlns=\"http:\/\/www.w3.org\/2000\/svg\" viewbox=\"0 0 640 512\"><defs><style>.fa-secondary{opacity:.4}<\/style><\/defs><path class=\"fa-primary\" d=\"M160 64C160 28.65 188.7 0 224 0C259.3 0 288 28.65 288 64C288 99.35 259.3 128 224 128C188.7 128 160 99.35 160 64zM512 128C512 92.65 540.7 64 576 64C611.3 64 640 92.65 640 128C640 163.3 611.3 192 576 192C540.7 192 512 163.3 512 128zM640 448C640 483.3 611.3 512 576 512C540.7 512 512 483.3 512 448C512 412.7 540.7 384 576 384C611.3 384 640 412.7 640 448zM0 304C0 268.7 28.65 240 64 240C99.35 240 128 268.7 128 304C128 339.3 99.35 368 64 368C28.65 368 0 339.3 0 304z\"><\/path><path class=\"fa-secondary\" d=\"M305.6 163.2C315.4 161.1 325.6 159.1 336 159.1C372.1 159.1 405 173.3 430.3 195.2L512.4 134.1C514.9 158.1 529.7 177.6 550.2 186.6L468.2 246.8C475.8 264.3 480 283.7 480 303.1C480 319.6 477.5 334.7 472.9 348.8L544.9 392C525.6 402.8 512.4 423.3 512 446.9L439.9 403.7C413.7 430.1 376.8 448 336 448C267.5 448 210.1 400.1 195.6 336H119.4C124.9 326.6 128 315.7 128 304C128 292.3 124.9 281.4 119.4 271.1H195.6C203 239 221.8 210.4 247.6 190.3L218.4 127.8C220.3 127.9 222.1 128 224 128C245.7 128 264.9 117.2 276.4 100.7L305.6 163.2zM336 384C380.2 384 416 348.2 416 303.1C416 259.8 380.2 223.1 336 223.1C291.8 223.1 255.1 259.8 255.1 303.1C255.1 348.2 291.8 384 336 384z\"><\/path><\/svg>\t\t\t\t<\/span>\n\t\t\t<\/div>\n\t\t\t\n\t\t\t\t\t\t<div class=\"elementor-icon-box-content\">\n\n\t\t\t\t\t\t\t\t\t<h3 class=\"elementor-icon-box-title\">\n\t\t\t\t\t\t<span  >\n\t\t\t\t\t\t\tOperaciones\t\t\t\t\t\t<\/span>\n\t\t\t\t\t<\/h3>\n\t\t\t\t\n\t\t\t\t\t\t\t\t\t<p class=\"elementor-icon-box-description\">\n\t\t\t\t\t\tThe Qwetrust System allows to measure the operational flow.\t\t\t\t\t<\/p>\n\t\t\t\t\n\t\t\t<\/div>\n\t\t\t\n\t\t<\/div>\n\t\t\t\t\t\t<\/div>\n\t\t\t\t<\/div>\n\t\t\t\t\t<\/div>\n\t\t<\/div>\n\t\t\t\t<div class=\"has_eae_slider elementor-column elementor-col-33 elementor-inner-column elementor-element elementor-element-62bb1c3\" data-id=\"62bb1c3\" data-element_type=\"column\">\n\t\t\t<div class=\"elementor-widget-wrap elementor-element-populated\">\n\t\t\t\t\t\t<div class=\"elementor-element elementor-element-03ef9c5 elementor-view-stacked elementor-position-top elementor-shape-circle elementor-mobile-position-top elementor-widget elementor-widget-icon-box\" data-id=\"03ef9c5\" data-element_type=\"widget\" data-widget_type=\"icon-box.default\">\n\t\t\t\t<div class=\"elementor-widget-container\">\n\t\t\t\t\t\t\t<div class=\"elementor-icon-box-wrapper\">\n\n\t\t\t\t\t\t<div class=\"elementor-icon-box-icon\">\n\t\t\t\t<span  class=\"elementor-icon\">\n\t\t\t\t<svg xmlns=\"http:\/\/www.w3.org\/2000\/svg\" viewbox=\"0 0 512 512\"><defs><style>.fa-secondary{opacity:.4}<\/style><\/defs><path class=\"fa-primary\" d=\"M480 320C480 337.7 465.7 352 448 352C430.3 352 416 337.7 416 320V96C416 78.33 430.3 64 448 64C465.7 64 480 78.33 480 96V320zM288 320C288 337.7 273.7 352 256 352C238.3 352 224 337.7 224 320V160C224 142.3 238.3 128 256 128C273.7 128 288 142.3 288 160V320zM192 320C192 337.7 177.7 352 160 352C142.3 352 128 337.7 128 320V256C128 238.3 142.3 224 160 224C177.7 224 192 238.3 192 256V320zM352 192C369.7 192 384 206.3 384 224V320C384 337.7 369.7 352 352 352C334.3 352 320 337.7 320 320V224C320 206.3 334.3 192 352 192z\"><\/path><path class=\"fa-secondary\" d=\"M32 32C49.67 32 64 46.33 64 64V400C64 408.8 71.16 416 80 416H480C497.7 416 512 430.3 512 448C512 465.7 497.7 480 480 480H80C35.82 480 0 444.2 0 400V64C0 46.33 14.33 32 32 32z\"><\/path><\/svg>\t\t\t\t<\/span>\n\t\t\t<\/div>\n\t\t\t\n\t\t\t\t\t\t<div class=\"elementor-icon-box-content\">\n\n\t\t\t\t\t\t\t\t\t<h3 class=\"elementor-icon-box-title\">\n\t\t\t\t\t\t<span  >\n\t\t\t\t\t\t\tEstad\u00edsticas\t\t\t\t\t\t<\/span>\n\t\t\t\t\t<\/h3>\n\t\t\t\t\n\t\t\t\t\t\t\t\t\t<p class=\"elementor-icon-box-description\">\n\t\t\t\t\t\tAfluencia de clientes, horas y d\u00edas pico, productividad de los operadores de atenci\u00f3n, y otros.\t\t\t\t\t<\/p>\n\t\t\t\t\n\t\t\t<\/div>\n\t\t\t\n\t\t<\/div>\n\t\t\t\t\t\t<\/div>\n\t\t\t\t<\/div>\n\t\t\t\t\t<\/div>\n\t\t<\/div>\n\t\t\t\t<div class=\"has_eae_slider elementor-column elementor-col-33 elementor-inner-column elementor-element elementor-element-36b44e2\" data-id=\"36b44e2\" data-element_type=\"column\">\n\t\t\t<div class=\"elementor-widget-wrap elementor-element-populated\">\n\t\t\t\t\t\t<div class=\"elementor-element elementor-element-871a4f5 elementor-view-stacked elementor-position-top elementor-shape-circle elementor-mobile-position-top elementor-widget elementor-widget-icon-box\" data-id=\"871a4f5\" data-element_type=\"widget\" data-widget_type=\"icon-box.default\">\n\t\t\t\t<div class=\"elementor-widget-container\">\n\t\t\t\t\t\t\t<div class=\"elementor-icon-box-wrapper\">\n\n\t\t\t\t\t\t<div class=\"elementor-icon-box-icon\">\n\t\t\t\t<span  class=\"elementor-icon\">\n\t\t\t\t<svg xmlns=\"http:\/\/www.w3.org\/2000\/svg\" viewbox=\"0 0 384 512\"><defs><style>.fa-secondary{opacity:.4}<\/style><\/defs><path class=\"fa-primary\" d=\"M160 210.6c-69.13 14.12-116.6 87.5-86.5 164.9c11.12 28.75 34.25 51.88 63 63C213.9 468.6 287.3 421.1 301.4 352H160V210.6zM256 0v128h128L256 0z\"><\/path><path class=\"fa-secondary\" d=\"M256 128V0H48C21.49 0 0 21.49 0 48v416C0 490.5 21.49 512 48 512h288c26.51 0 48-21.49 48-48V128H256zM136.5 438.5c-28.75-11.12-51.88-34.25-63-63C43.38 298.1 90.88 224.8 160 210.6V352h141.4C287.3 421.1 213.9 468.6 136.5 438.5zM192 320V199.9c66.38 0 120.1 53.75 120.1 120.1H192z\"><\/path><\/svg>\t\t\t\t<\/span>\n\t\t\t<\/div>\n\t\t\t\n\t\t\t\t\t\t<div class=\"elementor-icon-box-content\">\n\n\t\t\t\t\t\t\t\t\t<h3 class=\"elementor-icon-box-title\">\n\t\t\t\t\t\t<span  >\n\t\t\t\t\t\t\tInformes\t\t\t\t\t\t<\/span>\n\t\t\t\t\t<\/h3>\n\t\t\t\t\n\t\t\t\t\t\t\t\t\t<p class=\"elementor-icon-box-description\">\n\t\t\t\t\t\tFacilitan la supervisi\u00f3n y monitoreo de la actividad de las salas de espera con el fin de tomar decisiones en tiempo real.\t\t\t\t\t<\/p>\n\t\t\t\t\n\t\t\t<\/div>\n\t\t\t\n\t\t<\/div>\n\t\t\t\t\t\t<\/div>\n\t\t\t\t<\/div>\n\t\t\t\t\t<\/div>\n\t\t<\/div>\n\t\t\t\t\t<\/div>\n\t\t<\/section>\n\t\t\t\t\t<\/div>\n\t\t<\/div>\n\t\t\t\t\t<\/div>\n\t\t<\/section>\n\t\t\t\t<section class=\"has_eae_slider elementor-section elementor-inner-section elementor-element elementor-element-5601b02 elementor-section-content-space-between functional-box elementor-section-boxed elementor-section-height-default elementor-section-height-default\" data-id=\"5601b02\" data-element_type=\"section\">\n\t\t\t\t\t\t<div class=\"elementor-container elementor-column-gap-no\">\n\t\t\t\t\t<div class=\"has_eae_slider elementor-column elementor-col-100 elementor-inner-column elementor-element elementor-element-411c0590\" data-id=\"411c0590\" data-element_type=\"column\" data-settings=\"{&quot;background_background&quot;:&quot;classic&quot;}\">\n\t\t\t<div class=\"elementor-widget-wrap elementor-element-populated\">\n\t\t\t\t\t\t<div class=\"elementor-element elementor-element-1b5c0607 elementor-view-stacked elementor-shape-circle elementor-position-top elementor-mobile-position-top elementor-widget elementor-widget-icon-box\" data-id=\"1b5c0607\" data-element_type=\"widget\" data-widget_type=\"icon-box.default\">\n\t\t\t\t<div class=\"elementor-widget-container\">\n\t\t\t\t\t\t\t<div class=\"elementor-icon-box-wrapper\">\n\n\t\t\t\t\t\t<div class=\"elementor-icon-box-icon\">\n\t\t\t\t<span  class=\"elementor-icon\">\n\t\t\t\t<svg xmlns=\"http:\/\/www.w3.org\/2000\/svg\" viewbox=\"0 0 512 512\"><defs><style>.fa-secondary{opacity:.4}<\/style><\/defs><path class=\"fa-primary\" d=\"M81.84 152.1C77.43 156.9 71.21 159.8 64.63 159.1C58.05 160.2 51.69 157.6 47.03 152.1L7.029 112.1C-2.343 103.6-2.343 88.4 7.029 79.03C16.4 69.66 31.6 69.66 40.97 79.03L63.08 101.1L118.2 39.94C127 30.09 142.2 29.29 152.1 38.16C161.9 47.03 162.7 62.2 153.8 72.06L81.84 152.1zM81.84 312.1C77.43 316.9 71.21 319.8 64.63 319.1C58.05 320.2 51.69 317.6 47.03 312.1L7.029 272.1C-2.343 263.6-2.343 248.4 7.029 239C16.4 229.7 31.6 229.7 40.97 239L63.08 261.1L118.2 199.9C127 190.1 142.2 189.3 152.1 198.2C161.9 207 162.7 222.2 153.8 232.1L81.84 312.1zM0 416C0 389.5 21.49 368 48 368C74.51 368 96 389.5 96 416C96 442.5 74.51 464 48 464C21.49 464 0 442.5 0 416z\"><\/path><path class=\"fa-secondary\" d=\"M192 384H480C497.7 384 512 398.3 512 416C512 433.7 497.7 448 480 448H192C174.3 448 160 433.7 160 416C160 398.3 174.3 384 192 384zM256 224H480C497.7 224 512 238.3 512 256C512 273.7 497.7 288 480 288H256C238.3 288 224 273.7 224 256C224 238.3 238.3 224 256 224zM256 128C238.3 128 224 113.7 224 96C224 78.33 238.3 64 256 64H480C497.7 64 512 78.33 512 96C512 113.7 497.7 128 480 128H256z\"><\/path><\/svg>\t\t\t\t<\/span>\n\t\t\t<\/div>\n\t\t\t\n\t\t\t\t\t\t<div class=\"elementor-icon-box-content\">\n\n\t\t\t\t\t\t\t\t\t<h3 class=\"elementor-icon-box-title\">\n\t\t\t\t\t\t<span  >\n\t\t\t\t\t\t\tFuncionalidades Especiales\t\t\t\t\t\t<\/span>\n\t\t\t\t\t<\/h3>\n\t\t\t\t\n\t\t\t\t\n\t\t\t<\/div>\n\t\t\t\n\t\t<\/div>\n\t\t\t\t\t\t<\/div>\n\t\t\t\t<\/div>\n\t\t\t\t<div class=\"elementor-element elementor-element-5d543816 elementor-widget elementor-widget-text-editor\" data-id=\"5d543816\" data-element_type=\"widget\" data-widget_type=\"text-editor.default\">\n\t\t\t\t<div class=\"elementor-widget-container\">\n\t\t\t\t\t\t\t\t\t<p><span style=\"color: #008080;\">\u2714<\/span> Integraci\u00f3n para la compra de sellos de Rentas Internas.<\/p><p><span style=\"color: #008080;\">\u2714<\/span> Integraci\u00f3n a la Agencia o Departamento pertinente para sacar citas seg\u00fan servicio deseado.<\/p><p><span style=\"color: #008080;\">\u2714<\/span> Integraci\u00f3n a Sistemas Internos de la Agencia para validaci\u00f3n de datos.<\/p><p><span style=\"color: #008080;\">\u2714<\/span> Integraci\u00f3n a Sistemas Internos de la Agencia para determinar si el servicio solicitado se encuentra disponible.<\/p><p><span style=\"color: #008080;\">\u2714<\/span> Integraci\u00f3n a la Agencia o Departamento pertinente para validaci\u00f3n y autenticaci\u00f3n de datos de los ciudadanos.<\/p><p><span style=\"color: #008080;\">\u2714<\/span> Portal Centralizado de Entidades de Gobierno.<\/p><p><span style=\"color: #008080;\">\u2714<\/span> Importar documentos en los sistemas de la Agencia adjuntos con la cita.<\/p><p><span style=\"color: #008080;\">\u2714<\/span> Distribuci\u00f3n de demanda de servicios en m\u00faltiples localidades.<\/p><p><span style=\"color: #008080;\">\u2714<\/span> Integraci\u00f3n en el Web Site de la Entidad para mostrar las personas por fila de servicio.<\/p><p><span style=\"color: #008080;\">\u2714<\/span> Integraci\u00f3n de Datos al Dashboard Oficial del Gobierno.<\/p>\t\t\t\t\t\t\t\t<\/div>\n\t\t\t\t<\/div>\n\t\t\t\t\t<\/div>\n\t\t<\/div>\n\t\t\t\t\t<\/div>\n\t\t<\/section>\n\t\t\t\t<section class=\"has_eae_slider elementor-section elementor-top-section elementor-element elementor-element-6eacd896 elementor-section-boxed elementor-section-height-default elementor-section-height-default\" data-id=\"6eacd896\" data-element_type=\"section\">\n\t\t\t\t\t\t<div class=\"elementor-container elementor-column-gap-default\">\n\t\t\t\t\t<div class=\"has_eae_slider elementor-column elementor-col-100 elementor-top-column elementor-element elementor-element-1bc500e3\" data-id=\"1bc500e3\" data-element_type=\"column\">\n\t\t\t<div class=\"elementor-widget-wrap elementor-element-populated\">\n\t\t\t\t\t\t<section class=\"has_eae_slider elementor-section elementor-inner-section elementor-element elementor-element-2485d97e elementor-section-content-middle elementor-section-boxed elementor-section-height-default elementor-section-height-default\" data-id=\"2485d97e\" data-element_type=\"section\" data-settings=\"{&quot;background_background&quot;:&quot;classic&quot;}\">\n\t\t\t\t\t\t<div class=\"elementor-container elementor-column-gap-no\">\n\t\t\t\t\t<div class=\"has_eae_slider elementor-column elementor-col-33 elementor-inner-column elementor-element elementor-element-3d998598\" data-id=\"3d998598\" data-element_type=\"column\">\n\t\t\t<div class=\"elementor-widget-wrap elementor-element-populated\">\n\t\t\t\t\t\t<div class=\"elementor-element elementor-element-59da745b elementor-widget elementor-widget-heading\" data-id=\"59da745b\" data-element_type=\"widget\" data-widget_type=\"heading.default\">\n\t\t\t\t<div class=\"elementor-widget-container\">\n\t\t\t\t\t<h3 class=\"elementor-heading-title elementor-size-default\">\u00a1Comencemos ahora!<\/h3>\t\t\t\t<\/div>\n\t\t\t\t<\/div>\n\t\t\t\t<div class=\"elementor-element elementor-element-498a037c elementor-widget elementor-widget-heading\" data-id=\"498a037c\" data-element_type=\"widget\" data-widget_type=\"heading.default\">\n\t\t\t\t<div class=\"elementor-widget-container\">\n\t\t\t\t\t<p class=\"elementor-heading-title elementor-size-default\">En Qwetrust te guiaremos a mejorar la experiencia de servicio para tus clientes.<\/p>\t\t\t\t<\/div>\n\t\t\t\t<\/div>\n\t\t\t\t\t<\/div>\n\t\t<\/div>\n\t\t\t\t<div class=\"has_eae_slider elementor-column elementor-col-33 elementor-inner-column elementor-element elementor-element-3b3f256e\" data-id=\"3b3f256e\" data-element_type=\"column\">\n\t\t\t<div class=\"elementor-widget-wrap\">\n\t\t\t\t\t\t\t<\/div>\n\t\t<\/div>\n\t\t\t\t<div class=\"has_eae_slider elementor-column elementor-col-33 elementor-inner-column elementor-element elementor-element-7fa151f0\" data-id=\"7fa151f0\" data-element_type=\"column\">\n\t\t\t<div class=\"elementor-widget-wrap elementor-element-populated\">\n\t\t\t\t\t\t<div class=\"elementor-element elementor-element-145f1342 elementor-align-center elementor-widget elementor-widget-button\" data-id=\"145f1342\" data-element_type=\"widget\" data-widget_type=\"button.default\">\n\t\t\t\t<div class=\"elementor-widget-container\">\n\t\t\t\t\t\t\t\t\t<div class=\"elementor-button-wrapper\">\n\t\t\t\t\t<a class=\"elementor-button elementor-button-link elementor-size-sm\" href=\"\/es\/contact\/\">\n\t\t\t\t\t\t<span class=\"elementor-button-content-wrapper\">\n\t\t\t\t\t\t\t\t\t<span class=\"elementor-button-text\">Solicite un Demo<\/span>\n\t\t\t\t\t<\/span>\n\t\t\t\t\t<\/a>\n\t\t\t\t<\/div>\n\t\t\t\t\t\t\t\t<\/div>\n\t\t\t\t<\/div>\n\t\t\t\t\t<\/div>\n\t\t<\/div>\n\t\t\t\t\t<\/div>\n\t\t<\/section>\n\t\t\t\t\t<\/div>\n\t\t<\/div>\n\t\t\t\t\t<\/div>\n\t\t<\/section>\n\t\t\t\t<\/div>","protected":false},"excerpt":{"rendered":"<p>Qwetrust for government agencies Advanced technology for citizen management Significantly change the traditional way of serving citizens with our modules that are customized according to the needs of your waiting rooms. Advantages Find out what Qwetrust provides for public agencies and entities. Operations The Qwetrust System allows to measure the operational flow. Statistics Customer traffic, [&hellip;]<\/p>","protected":false},"author":1,"featured_media":0,"parent":0,"menu_order":0,"comment_status":"closed","ping_status":"closed","template":"","meta":{"_acf_changed":false,"footnotes":""},"class_list":["post-864","page","type-page","status-publish","hentry"],"acf":[],"_links":{"self":[{"href":"https:\/\/wp-qwtrust-prod.azurewebsites.net\/es\/wp-json\/wp\/v2\/pages\/864","targetHints":{"allow":["GET"]}}],"collection":[{"href":"https:\/\/wp-qwtrust-prod.azurewebsites.net\/es\/wp-json\/wp\/v2\/pages"}],"about":[{"href":"https:\/\/wp-qwtrust-prod.azurewebsites.net\/es\/wp-json\/wp\/v2\/types\/page"}],"author":[{"embeddable":true,"href":"https:\/\/wp-qwtrust-prod.azurewebsites.net\/es\/wp-json\/wp\/v2\/users\/1"}],"replies":[{"embeddable":true,"href":"https:\/\/wp-qwtrust-prod.azurewebsites.net\/es\/wp-json\/wp\/v2\/comments?post=864"}],"version-history":[{"count":57,"href":"https:\/\/wp-qwtrust-prod.azurewebsites.net\/es\/wp-json\/wp\/v2\/pages\/864\/revisions"}],"predecessor-version":[{"id":3615,"href":"https:\/\/wp-qwtrust-prod.azurewebsites.net\/es\/wp-json\/wp\/v2\/pages\/864\/revisions\/3615"}],"wp:attachment":[{"href":"https:\/\/wp-qwtrust-prod.azurewebsites.net\/es\/wp-json\/wp\/v2\/media?parent=864"}],"curies":[{"name":"wp","href":"https:\/\/api.w.org\/{rel}","templated":true}]}}